{"id":12141,"date":"2017-06-13T10:05:45","date_gmt":"2017-06-13T08:05:45","guid":{"rendered":"http:\/\/www.evkirche-roesrath.de\/?page_id=12141"},"modified":"2026-04-14T18:15:03","modified_gmt":"2026-04-14T16:15:03","slug":"ueber-uns","status":"publish","type":"page","link":"https:\/\/www.evkirche-roesrath.de\/index.php\/ueber-uns\/","title":{"rendered":"\u00dcber uns"},"content":{"rendered":"<div id=\"allcontainer\">\n<div id=\"content\">\n<div class=\"beitrag_content\">\n<h2>Herzlich willkommen<\/h2>\n<p style=\"text-align: justify;\">hei\u00dfen wir Sie im Namen des Presbyteriums der Evangelischen Gemeinde Volberg-Forsbach-R\u00f6srath auf unserer Homepage. Unsere Gemeinde besteht seit dem Jahr 1562 und geh\u00f6rt in direkter Nachbarschaft zu K\u00f6ln zu den \u00e4ltesten evangelischen Kirchengemeinden im Rheinland \u2013 darauf sind wir stolz und Sie k\u00f6nnen unter <a href=\"https:\/\/evkirche-roesrath.de\/index.php\/ueber-uns\/geschichte-unserer-gemeinde\/\">\u201eGeschichte der Kirchengemeinde\u201c<\/a> einiges hier\u00fcber erfahren. Wir leben aus dieser Geschichte, aber nicht r\u00fcckw\u00e4rts gewandt, sondern in die Zukunft schauend.<\/p>\n<\/div>\n<\/div>\n<p style=\"text-align: justify;\">In den drei Kirchorten <a href=\"https:\/\/www.evkirche-roesrath.de\/index.php\/ueber-uns\/gemeindebezirke-organisation\/\">R\u00f6srath<\/a>, <a href=\"https:\/\/www.evkirche-roesrath.de\/index.php\/ueber-uns\/gemeindebezirke-organisation\/\">Hoffnungsthal<\/a> und <a href=\"https:\/\/www.evkirche-roesrath.de\/index.php\/ueber-uns\/gemeindebezirke-organisation\/\">Forsbach<\/a> (mit <a href=\"https:\/\/www.evkirche-roesrath.de\/index.php\/ueber-uns\/gemeindebezirke-organisation\/\">Kleineichen<\/a>) hat sich \u00fcber die Jahre ein lebendiges Gemeindeleben entwickelt. \u00dcber diese vielf\u00e4ltigen Aktivit\u00e4ten will Sie die Homepage aktuell neben unserem <a href=\"https:\/\/evkirche-roesrath.de\/index.php\/ueber-uns\/gemeindebriefe\/\">Gemeindebrief<\/a> informieren. Schwerpunkte unserer T\u00e4tigkeit sind neben <a href=\"https:\/\/evkirche-roesrath.de\/index.php\/einrichtungen-unserer-gemeinde\/seelsorge\/\">Seelsorge<\/a> und Verk\u00fcndigung insbesondere <a href=\"https:\/\/evkirche-roesrath.de\/index.php\/gemeindeeinrichtungen\/die-diakoniesozialstation\/\">die Diakonie<\/a>, zwei Kindertagesst\u00e4tten Kita Volberg <a href=\"https:\/\/evkirche-roesrath.de\/index.php\/gemeindeeinrichtungen\/die-kita-volberg-mit-familienzentrum\/\"><span style=\"color: #000000;\">in<\/span> <\/a><a href=\"https:\/\/evkirche-roesrath.de\/index.php\/gemeindeeinrichtungen\/die-kita-volberg-mit-familienzentrum\/\">Hoffnungsthal<\/a> u. Kita &#8222;<a href=\"https:\/\/www.evkirche-roesrath.de\/index.php\/gemeindeeinrichtungen\/neubau-villa-huegel\/\" target=\"_blank\" rel=\"noopener noreferrer\">Villa H\u00fcgel<\/a>&#8220; in R\u00f6srath, sowie ein sehr lebendiges Kulturangebot, das sich an Menschen zwischen 3 und 99 Lebensjahren richtet. Mehr hier\u00fcber erfahren Sie unter <a href=\"https:\/\/evkirche-roesrath.de\/index.php\/musik\/\">\u201eKirchenmusik\u201c.<\/a><\/p>\n<p style=\"text-align: justify;\">Wir sind \u2013 in enger Kooperation mit unserer <a href=\"https:\/\/evkirche-roesrath.de\/index.php\/gruppen-und-veranstaltungen\/amtshandlung\/kath-gemeinde-st-nikolaus\/\" target=\"_blank\" rel=\"noopener\">katholischen Schwestergemeinde<\/a> \u2013 Gesellschafter der <a href=\"https:\/\/evkirche-roesrath.de\/index.php\/gemeindeeinrichtungen\/die-diakoniesozialstation\/\">Diakonie-Sozialstation f\u00fcr die Stadt R\u00f6srath<\/a> und Kooperationspartner der <a href=\"https:\/\/www.evkirche-roesrath.de\/index.php\/gute-nachbarschaft\/\" target=\"_blank\" rel=\"noopener\">&#8222;Gute Nachbarschaft R\u00f6srath&#8220;<\/a> (ehemals &#8222;Fl\u00fcchtlings-Hilfe&#8220;).<\/p>\n<p style=\"text-align: justify;\">Gew\u00e4hlte <a href=\"https:\/\/www.evkirche-roesrath.de\/index.php\/ueber-uns\/ansprechpartner\/presbyterium\/\" target=\"_blank\" rel=\"noopener noreferrer\">Presbyterinnen und Presbyter<\/a> leiten gemeinsam mit Pfarrer \/ Diakon und den \u00fcbrigen <a href=\"https:\/\/evkirche-roesrath.de\/index.php\/ueber-uns\/personen\/mitarbeiterinnen-und-mitarbeiter\/\">Mitarbeitern<\/a> &#8211; wie wir glauben, recht erfolgreich &#8211; die Gemeinde und sind f\u00fcr deren Lebendigkeit verantwortlich. Ganz herzlich laden wir Sie ein, am Leben unserer Gemeinde teilzunehmen! Wir stehen f\u00fcr Fragen und Anregungen jederzeit gerne zur Verf\u00fcgung. Sprechen Sie uns an.<\/p>\n<p style=\"text-align: right;\">Monika Mattern-Klosson, Vorsitzende des Presbyteriums<\/p>\n<\/div>\n ","protected":false},"excerpt":{"rendered":"<p>Herzlich willkommen hei\u00dfen wir Sie im Namen des Presbyteriums der Evangelischen Gemeinde Volberg-Forsbach-R\u00f6srath auf unserer Homepage. Unsere Gemeinde besteht seit dem Jahr 1562 und geh\u00f6rt in direkter Nachbarschaft zu K\u00f6ln <a class=\"more-link\" href=\"https:\/\/www.evkirche-roesrath.de\/index.php\/ueber-uns\/\">weiterlesen \u2192<\/a><\/p>\n","protected":false},"author":2,"featured_media":0,"parent":0,"menu_order":7,"comment_status":"closed","ping_status":"closed","template":"","meta":{"ngg_post_thumbnail":0,"footnotes":""},"class_list":["post-12141","page","type-page","status-publish","hentry"],"_links":{"self":[{"href":"https:\/\/www.evkirche-roesrath.de\/index.php\/wp-json\/wp\/v2\/pages\/12141","targetHints":{"allow":["GET"]}}],"collection":[{"href":"https:\/\/www.evkirche-roesrath.de\/index.php\/wp-json\/wp\/v2\/pages"}],"about":[{"href":"https:\/\/www.evkirche-roesrath.de\/index.php\/wp-json\/wp\/v2\/types\/page"}],"author":[{"embeddable":true,"href":"https:\/\/www.evkirche-roesrath.de\/index.php\/wp-json\/wp\/v2\/users\/2"}],"replies":[{"embeddable":true,"href":"https:\/\/www.evkirche-roesrath.de\/index.php\/wp-json\/wp\/v2\/comments?post=12141"}],"version-history":[{"count":3,"href":"https:\/\/www.evkirche-roesrath.de\/index.php\/wp-json\/wp\/v2\/pages\/12141\/revisions"}],"predecessor-version":[{"id":28280,"href":"https:\/\/www.evkirche-roesrath.de\/index.php\/wp-json\/wp\/v2\/pages\/12141\/revisions\/28280"}],"wp:attachment":[{"href":"https:\/\/www.evkirche-roesrath.de\/index.php\/wp-json\/wp\/v2\/media?parent=12141"}],"curies":[{"name":"wp","href":"https:\/\/api.w.org\/{rel}","templated":true}]}}